{"id":3116,"date":"2026-01-19T15:32:31","date_gmt":"2026-01-19T14:32:31","guid":{"rendered":"https:\/\/assuranceviecanada.ca\/?page_id=3116"},"modified":"2026-03-20T12:11:35","modified_gmt":"2026-03-20T11:11:35","slug":"pret-pour-investissement","status":"publish","type":"page","link":"https:\/\/assuranceviecanada.ca\/en\/pret-pour-investissement\/","title":{"rendered":"Loan for Investment"},"content":{"rendered":"\t\t<div data-elementor-type=\"wp-page\" data-elementor-id=\"3116\" class=\"elementor elementor-3116\">\n\t\t\t\t<div class=\"elementor-element elementor-element-7793829 e-flex e-con-boxed e-con e-parent\" data-id=\"7793829\" data-element_type=\"container\" data-e-type=\"container\" data-settings=\"{&quot;background_background&quot;:&quot;classic&quot;}\">\n\t\t\t\t\t<div class=\"e-con-inner\">\n\t\t\t\t<div class=\"elementor-element elementor-element-8e4aea5 elementor-widget__width-initial elementor-widget elementor-widget-heading\" data-id=\"8e4aea5\" data-element_type=\"widget\" data-e-type=\"widget\" data-widget_type=\"heading.default\">\n\t\t\t\t\t<h2 class=\"elementor-heading-title elementor-size-default\">Pr\u00eat pour Investissement<\/h2>\t\t\t\t<\/div>\n\t\t\t\t\t<\/div>\n\t\t\t\t<\/div>\n\t\t<div class=\"elementor-element elementor-element-2fa177d e-flex e-con-boxed e-con e-parent\" data-id=\"2fa177d\" data-element_type=\"container\" data-e-type=\"container\">\n\t\t\t\t\t<div class=\"e-con-inner\">\n\t\t\t\t<div class=\"elementor-element elementor-element-45b40a6 elementor-widget elementor-widget-heading\" data-id=\"45b40a6\" data-element_type=\"widget\" data-e-type=\"widget\" data-widget_type=\"heading.default\">\n\t\t\t\t\t<h2 class=\"elementor-heading-title elementor-size-default\">Qu\u2019est-ce qu\u2019un pr\u00eat destin\u00e9 \u00e0 l\u2019investissement ? \n<\/h2>\t\t\t\t<\/div>\n\t\t\t\t<div class=\"elementor-element elementor-element-40f6c53 elementor-widget elementor-widget-text-editor\" data-id=\"40f6c53\" data-element_type=\"widget\" data-e-type=\"widget\" data-widget_type=\"text-editor.default\">\n\t\t\t\t\t\t\t\t\t<p data-start=\"92\" data-end=\"217\">Un levier strat\u00e9gique pour acc\u00e9l\u00e9rer la croissance de vos placements.<\/p><p data-start=\"219\" data-end=\"483\">Le pr\u00eat pour investissement consiste \u00e0 emprunter des fonds afin d\u2019accro\u00eetre votre capacit\u00e9 d\u2019investissement. En utilisant l\u2019effet de levier, il permet de viser un rendement potentiel plus \u00e9lev\u00e9, tout en pr\u00e9servant vos liquidit\u00e9s pour d\u2019autres objectifs financiers.<\/p><p data-start=\"485\" data-end=\"697\">Au-del\u00e0 du potentiel de performance, ce type de financement peut s\u2019int\u00e9grer dans une planification fiscale avantageuse, puisque les int\u00e9r\u00eats pay\u00e9s sur le pr\u00eat peuvent, dans certains cas, \u00eatre d\u00e9ductibles d\u2019imp\u00f4t.<\/p><p data-start=\"699\" data-end=\"864\" data-is-last-node=\"\" data-is-only-node=\"\">Cette solution s\u2019adresse particuli\u00e8rement aux investisseurs disposant d\u2019une bonne tol\u00e9rance au risque et d\u00e9sireux d\u2019optimiser la valeur globale de leur portefeuille.<\/p>\t\t\t\t\t\t\t\t<\/div>\n\t\t\t\t\t<\/div>\n\t\t\t\t<\/div>\n\t\t<div class=\"elementor-element elementor-element-73a230a e-flex e-con-boxed e-con e-parent\" data-id=\"73a230a\" data-element_type=\"container\" data-e-type=\"container\" data-settings=\"{&quot;background_background&quot;:&quot;classic&quot;}\">\n\t\t\t\t\t<div class=\"e-con-inner\">\n\t\t<div class=\"elementor-element elementor-element-36e187f e-con-full e-flex e-con e-child\" data-id=\"36e187f\" data-element_type=\"container\" data-e-type=\"container\">\n\t\t\t\t<div class=\"elementor-element elementor-element-39e144b elementor-widget elementor-widget-heading\" data-id=\"39e144b\" data-element_type=\"widget\" data-e-type=\"widget\" data-widget_type=\"heading.default\">\n\t\t\t\t\t<h3 class=\"elementor-heading-title elementor-size-default\">Les principaux avantages du pr\u00eat pour investissement<\/h3>\t\t\t\t<\/div>\n\t\t\t\t<div class=\"elementor-element elementor-element-189fd66 elementor-widget elementor-widget-text-editor\" data-id=\"189fd66\" data-element_type=\"widget\" data-e-type=\"widget\" data-widget_type=\"text-editor.default\">\n\t\t\t\t\t\t\t\t\t<ul data-start=\"115\" data-end=\"664\"><li data-start=\"115\" data-end=\"190\"><p data-start=\"117\" data-end=\"190\">Permet de tirer parti du potentiel de croissance des march\u00e9s financiers<\/p><\/li><li data-start=\"191\" data-end=\"277\"><p data-start=\"193\" data-end=\"277\">Optimise le rendement des placements tout en conservant des liquidit\u00e9s disponibles<\/p><\/li><li data-start=\"278\" data-end=\"350\"><p data-start=\"280\" data-end=\"350\">Facilite une diversification accrue du portefeuille d\u2019investissement<\/p><\/li><li data-start=\"351\" data-end=\"433\"><p data-start=\"353\" data-end=\"433\">Peut offrir un avantage fiscal gr\u00e2ce \u00e0 la d\u00e9ductibilit\u00e9 des int\u00e9r\u00eats d\u2019emprunt<\/p><\/li><li data-start=\"434\" data-end=\"593\"><p data-start=\"436\" data-end=\"593\">Accro\u00eet la capacit\u00e9 d\u2019investissement et peut ouvrir la porte \u00e0 une tarification pr\u00e9f\u00e9rentielle de type <em data-start=\"539\" data-end=\"549\">Prestige<\/em>, incluant une r\u00e9duction de certains frais<\/p><\/li><li data-start=\"594\" data-end=\"664\"><p data-start=\"596\" data-end=\"664\">Donne acc\u00e8s aux b\u00e9n\u00e9fices sp\u00e9cifiques associ\u00e9s aux fonds distincts<\/p><\/li><\/ul><p data-start=\"666\" data-end=\"764\" data-is-last-node=\"\" data-is-only-node=\"\">\u00a0<\/p>\t\t\t\t\t\t\t\t<\/div>\n\t\t\t\t<\/div>\n\t\t<div class=\"elementor-element elementor-element-582f123 e-con-full e-flex e-con e-child\" data-id=\"582f123\" data-element_type=\"container\" data-e-type=\"container\">\n\t\t\t\t<div class=\"elementor-element elementor-element-a6f3e01 elementor-widget elementor-widget-image\" data-id=\"a6f3e01\" data-element_type=\"widget\" data-e-type=\"widget\" data-widget_type=\"image.default\">\n\t\t\t\t\t\t\t\t\t\t\t\t\t\t\t<img fetchpriority=\"high\" decoding=\"async\" width=\"1024\" height=\"682\" src=\"https:\/\/assuranceviecanada.ca\/wp-content\/uploads\/2026\/01\/creafin-investering-vastgoed-opbrengsteigendom-hypothecaire-lening-voordelen-investissement-immobilier-maison-de-rapport-pret-hypothecaire-avantages-1024x682.jpg\" class=\"attachment-large size-large wp-image-3127\" alt=\"\" srcset=\"https:\/\/assuranceviecanada.ca\/wp-content\/uploads\/2026\/01\/creafin-investering-vastgoed-opbrengsteigendom-hypothecaire-lening-voordelen-investissement-immobilier-maison-de-rapport-pret-hypothecaire-avantages-1024x682.jpg 1024w, https:\/\/assuranceviecanada.ca\/wp-content\/uploads\/2026\/01\/creafin-investering-vastgoed-opbrengsteigendom-hypothecaire-lening-voordelen-investissement-immobilier-maison-de-rapport-pret-hypothecaire-avantages-300x200.jpg 300w, https:\/\/assuranceviecanada.ca\/wp-content\/uploads\/2026\/01\/creafin-investering-vastgoed-opbrengsteigendom-hypothecaire-lening-voordelen-investissement-immobilier-maison-de-rapport-pret-hypothecaire-avantages-768x512.jpg 768w, https:\/\/assuranceviecanada.ca\/wp-content\/uploads\/2026\/01\/creafin-investering-vastgoed-opbrengsteigendom-hypothecaire-lening-voordelen-investissement-immobilier-maison-de-rapport-pret-hypothecaire-avantages-1536x1024.jpg 1536w, https:\/\/assuranceviecanada.ca\/wp-content\/uploads\/2026\/01\/creafin-investering-vastgoed-opbrengsteigendom-hypothecaire-lening-voordelen-investissement-immobilier-maison-de-rapport-pret-hypothecaire-avantages-18x12.jpg 18w, https:\/\/assuranceviecanada.ca\/wp-content\/uploads\/2026\/01\/creafin-investering-vastgoed-opbrengsteigendom-hypothecaire-lening-voordelen-investissement-immobilier-maison-de-rapport-pret-hypothecaire-avantages.jpg 1688w\" sizes=\"(max-width: 1024px) 100vw, 1024px\" \/>\t\t\t\t\t\t\t\t\t\t\t\t\t\t\t<\/div>\n\t\t\t\t<\/div>\n\t\t\t\t\t<\/div>\n\t\t\t\t<\/div>\n\t\t<div class=\"elementor-element elementor-element-91e5443 e-flex e-con-boxed e-con e-parent\" data-id=\"91e5443\" data-element_type=\"container\" data-e-type=\"container\" data-settings=\"{&quot;background_background&quot;:&quot;classic&quot;}\">\n\t\t\t\t\t<div class=\"e-con-inner\">\n\t\t\t\t<div class=\"elementor-element elementor-element-f468408 elementor-widget elementor-widget-heading\" data-id=\"f468408\" data-element_type=\"widget\" data-e-type=\"widget\" data-widget_type=\"heading.default\">\n\t\t\t\t\t<h1 class=\"elementor-heading-title elementor-size-default\">Options d\u2019emprunt\n<\/h1>\t\t\t\t<\/div>\n\t\t\t\t<div class=\"elementor-element elementor-element-defb24e elementor-widget elementor-widget-text-editor\" data-id=\"defb24e\" data-element_type=\"widget\" data-e-type=\"widget\" data-widget_type=\"text-editor.default\">\n\t\t\t\t\t\t\t\t\t<p data-start=\"76\" data-end=\"212\">En fonction de vos objectifs financiers, deux solutions d\u2019emprunt sont propos\u00e9es lors de la mise en place d\u2019un pr\u00eat pour investissement.<\/p><p data-start=\"214\" data-end=\"357\" data-is-last-node=\"\" data-is-only-node=\"\">Chacune de ces options b\u00e9n\u00e9ficie de taux concurrentiels et offre une flexibilit\u00e9 permettant d\u2019adapter le financement \u00e0 vos besoins sp\u00e9cifiques.<\/p>\t\t\t\t\t\t\t\t<\/div>\n\t\t<div class=\"elementor-element elementor-element-434fc32 e-con-full e-flex e-con e-child\" data-id=\"434fc32\" data-element_type=\"container\" data-e-type=\"container\">\n\t\t<div class=\"elementor-element elementor-element-40733e5 e-con-full e-flex e-con e-child\" data-id=\"40733e5\" data-element_type=\"container\" data-e-type=\"container\">\n\t\t<div class=\"elementor-element elementor-element-0b95d5c e-con-full e-flex e-con e-child\" data-id=\"0b95d5c\" data-element_type=\"container\" data-e-type=\"container\" data-settings=\"{&quot;background_background&quot;:&quot;classic&quot;}\">\n\t\t<div class=\"elementor-element elementor-element-9de3062 e-con-full e-flex e-con e-child\" data-id=\"9de3062\" data-element_type=\"container\" data-e-type=\"container\" data-settings=\"{&quot;background_background&quot;:&quot;classic&quot;}\">\n\t\t\t\t<div class=\"elementor-element elementor-element-7fc35fd elementor-widget elementor-widget-text-editor\" data-id=\"7fc35fd\" data-element_type=\"widget\" data-e-type=\"widget\" data-widget_type=\"text-editor.default\">\n\t\t\t\t\t\t\t\t\t<p>1<\/p>\t\t\t\t\t\t\t\t<\/div>\n\t\t\t\t<\/div>\n\t\t\t\t<div class=\"elementor-element elementor-element-2214978 elementor-widget elementor-widget-heading\" data-id=\"2214978\" data-element_type=\"widget\" data-e-type=\"widget\" data-widget_type=\"heading.default\">\n\t\t\t\t\t<h2 class=\"elementor-heading-title elementor-size-default\">Pr\u00eats 100 %<\/h2>\t\t\t\t<\/div>\n\t\t\t\t<div class=\"elementor-element elementor-element-58d5200 elementor-widget elementor-widget-text-editor\" data-id=\"58d5200\" data-element_type=\"widget\" data-e-type=\"widget\" data-widget_type=\"text-editor.default\">\n\t\t\t\t\t\t\t\t\t<p>La totalit\u00e9 de votre investissement est financ\u00e9e par le pr\u00eat et aucun d\u00e9p\u00f4t initial n\u2019est requis de votre part.<\/p>\t\t\t\t\t\t\t\t<\/div>\n\t\t\t\t<\/div>\n\t\t\t\t<\/div>\n\t\t<div class=\"elementor-element elementor-element-0b63e9c e-con-full e-flex e-con e-child\" data-id=\"0b63e9c\" data-element_type=\"container\" data-e-type=\"container\">\n\t\t<div class=\"elementor-element elementor-element-528157e e-con-full e-flex e-con e-child\" data-id=\"528157e\" data-element_type=\"container\" data-e-type=\"container\" data-settings=\"{&quot;background_background&quot;:&quot;classic&quot;}\">\n\t\t<div class=\"elementor-element elementor-element-9ec9f58 e-con-full e-flex e-con e-child\" data-id=\"9ec9f58\" data-element_type=\"container\" data-e-type=\"container\" data-settings=\"{&quot;background_background&quot;:&quot;classic&quot;}\">\n\t\t\t\t<div class=\"elementor-element elementor-element-5aae8b2 elementor-widget elementor-widget-text-editor\" data-id=\"5aae8b2\" data-element_type=\"widget\" data-e-type=\"widget\" data-widget_type=\"text-editor.default\">\n\t\t\t\t\t\t\t\t\t<p>2<\/p>\t\t\t\t\t\t\t\t<\/div>\n\t\t\t\t<\/div>\n\t\t\t\t<div class=\"elementor-element elementor-element-e33e444 elementor-widget elementor-widget-heading\" data-id=\"e33e444\" data-element_type=\"widget\" data-e-type=\"widget\" data-widget_type=\"heading.default\">\n\t\t\t\t\t<h2 class=\"elementor-heading-title elementor-size-default\">Pr\u00eats 1:1<\/h2>\t\t\t\t<\/div>\n\t\t\t\t<div class=\"elementor-element elementor-element-899ca86 elementor-widget elementor-widget-text-editor\" data-id=\"899ca86\" data-element_type=\"widget\" data-e-type=\"widget\" data-widget_type=\"text-editor.default\">\n\t\t\t\t\t\t\t\t\t<div class=\"TwoColumnGrid_contentLeft__SgzDm\"><div class=\"Card_card__Ev5Kn Card_cornerBlueBgWhite__jnauR page_cards___SHve\"><div class=\"ScGenericContentBlock_content___zLUk\"><p>Cette option vous permet de doubler le montant total de votre investissement.<\/p><p><strong>Exemple\u00a0:<\/strong><\/p><p class=\"noMargin\">Un d\u00e9p\u00f4t initial de 50\u00a0000\u00a0$ vous rend admissible \u00e0 un pr\u00eat de 50\u00a0000\u00a0$, vous permettant ainsi d\u2019effectuer un placement total de 100\u00a0000\u00a0$.<\/p><\/div><\/div><\/div>\t\t\t\t\t\t\t\t<\/div>\n\t\t\t\t<\/div>\n\t\t\t\t<\/div>\n\t\t\t\t<\/div>\n\t\t\t\t\t<\/div>\n\t\t\t\t<\/div>\n\t\t<div class=\"elementor-element elementor-element-170fef2 e-flex e-con-boxed e-con e-parent\" data-id=\"170fef2\" data-element_type=\"container\" data-e-type=\"container\">\n\t\t\t\t\t<div class=\"e-con-inner\">\n\t\t\t\t<div class=\"elementor-element elementor-element-d7c9063 elementor-widget elementor-widget-heading\" data-id=\"d7c9063\" data-element_type=\"widget\" data-e-type=\"widget\" data-widget_type=\"heading.default\">\n\t\t\t\t\t<h2 class=\"elementor-heading-title elementor-size-default\">Taux d\u2019int\u00e9r\u00eat du pr\u00eat pour investissement<\/h2>\t\t\t\t<\/div>\n\t\t\t\t<div class=\"elementor-element elementor-element-8d4f77b elementor-widget elementor-widget-text-editor\" data-id=\"8d4f77b\" data-element_type=\"widget\" data-e-type=\"widget\" data-widget_type=\"text-editor.default\">\n\t\t\t\t\t\t\t\t\t<div class=\"flex flex-col text-sm pb-25\">\n<article class=\"text-token-text-primary w-full focus:outline-none [--shadow-height:45px] has-data-writing-block:pointer-events-none has-data-writing-block:-mt-(--shadow-height) has-data-writing-block:pt-(--shadow-height) [&amp;:has([data-writing-block])&gt;*]:pointer-events-auto scroll-mt-[calc(var(--header-height)+min(200px,max(70px,20svh)))]\" dir=\"auto\" tabindex=\"-1\" data-turn-id=\"request-WEB:fdf1c473-8339-4f8d-92a2-0ad4491a6464-3\" data-testid=\"conversation-turn-8\" data-scroll-anchor=\"true\" data-turn=\"assistant\">\n<div class=\"text-base my-auto mx-auto pb-10 [--thread-content-margin:--spacing(4)] @w-sm\/main:[--thread-content-margin:--spacing(6)] @w-lg\/main:[--thread-content-margin:--spacing(16)] px-(--thread-content-margin)\">\n<div class=\"[--thread-content-max-width:40rem] @w-lg\/main:[--thread-content-max-width:48rem] mx-auto max-w-(--thread-content-max-width) flex-1 group\/turn-messages focus-visible:outline-hidden relative flex w-full min-w-0 flex-col agent-turn\" tabindex=\"-1\">\n<div class=\"flex max-w-full flex-col grow\">\n<div class=\"min-h-8 text-message relative flex w-full flex-col items-end gap-2 text-start break-words whitespace-normal [.text-message+&amp;]:mt-1\" dir=\"auto\" data-message-author-role=\"assistant\" data-message-id=\"8c391346-a2af-4e38-acdd-18c977a36899\" data-message-model-slug=\"gpt-5-2\">\n<div class=\"flex w-full flex-col gap-1 empty:hidden first:pt-[1px]\">\n<div class=\"markdown prose dark:prose-invert w-full break-words dark markdown-new-styling\">\n<p data-start=\"101\" data-end=\"323\" data-is-last-node=\"\" data-is-only-node=\"\">Les taux indiqu\u00e9s sont bas\u00e9s sur le taux pr\u00e9f\u00e9rentiel (TP) de la Banque Royale du Canada, actuellement fix\u00e9 \u00e0 4,45 %. Ces taux sont fournis \u00e0 titre informatif seulement et peuvent \u00eatre modifi\u00e9s en tout temps, sans pr\u00e9avis.<\/p><\/div><\/div><\/div><\/div><\/div><\/div><\/article><\/div>\t\t\t\t\t\t\t\t<\/div>\n\t\t\t\t<div class=\"elementor-element elementor-element-4cdb638 elementor-widget elementor-widget-image\" data-id=\"4cdb638\" data-element_type=\"widget\" data-e-type=\"widget\" data-widget_type=\"image.default\">\n\t\t\t\t\t\t\t\t\t\t\t\t\t\t\t<img decoding=\"async\" width=\"1024\" height=\"220\" src=\"https:\/\/assuranceviecanada.ca\/wp-content\/uploads\/2026\/01\/Capture-decran-2026-01-19-171155-1024x220.jpg\" class=\"attachment-large size-large wp-image-3139\" alt=\"\" srcset=\"https:\/\/assuranceviecanada.ca\/wp-content\/uploads\/2026\/01\/Capture-decran-2026-01-19-171155-1024x220.jpg 1024w, https:\/\/assuranceviecanada.ca\/wp-content\/uploads\/2026\/01\/Capture-decran-2026-01-19-171155-300x64.jpg 300w, https:\/\/assuranceviecanada.ca\/wp-content\/uploads\/2026\/01\/Capture-decran-2026-01-19-171155-768x165.jpg 768w, https:\/\/assuranceviecanada.ca\/wp-content\/uploads\/2026\/01\/Capture-decran-2026-01-19-171155-18x4.jpg 18w, https:\/\/assuranceviecanada.ca\/wp-content\/uploads\/2026\/01\/Capture-decran-2026-01-19-171155.jpg 1189w\" sizes=\"(max-width: 1024px) 100vw, 1024px\" \/>\t\t\t\t\t\t\t\t\t\t\t\t\t\t\t<\/div>\n\t\t<div class=\"elementor-element elementor-element-3ff2775 e-con-full e-flex e-con e-child\" data-id=\"3ff2775\" data-element_type=\"container\" data-e-type=\"container\" data-settings=\"{&quot;background_background&quot;:&quot;classic&quot;}\">\n\t\t<div class=\"elementor-element elementor-element-ea1c036 e-con-full e-flex e-con e-child\" data-id=\"ea1c036\" data-element_type=\"container\" data-e-type=\"container\">\n\t\t\t\t<div class=\"elementor-element elementor-element-8bd6904 elementor-widget__width-initial elementor-widget elementor-widget-heading\" data-id=\"8bd6904\" data-element_type=\"widget\" data-e-type=\"widget\" data-widget_type=\"heading.default\">\n\t\t\t\t\t<h2 class=\"elementor-heading-title elementor-size-default\">Pour recevoir une soumission GRATUITE adapt\u00e9e \u00e0 votre situation actuelle,<\/h2>\t\t\t\t<\/div>\n\t\t\t\t<div class=\"elementor-element elementor-element-c40bfc2 elementor-widget__width-initial elementor-widget elementor-widget-text-editor\" data-id=\"c40bfc2\" data-element_type=\"widget\" data-e-type=\"widget\" data-widget_type=\"text-editor.default\">\n\t\t\t\t\t\t\t\t\t<p>il vous suffit simplement de REMPLIR LE FORMULAIRE PR\u00c9SENT SUR CETTE PAGE. Un courtier partenaire vous contactera par la suite (cliquez sur le bouton ci-dessous).<\/p>\t\t\t\t\t\t\t\t<\/div>\n\t\t\t\t<\/div>\n\t\t\t\t<div class=\"elementor-element elementor-element-37174c0 elementor-align-center elementor-widget elementor-widget-button\" data-id=\"37174c0\" data-element_type=\"widget\" data-e-type=\"widget\" data-widget_type=\"button.default\">\n\t\t\t\t\t\t\t\t\t\t<a class=\"elementor-button elementor-button-link elementor-size-sm\" href=\"https:\/\/assuranceviecanada.ca\/assurance-hypothecaire\/\">\n\t\t\t\t\t\t<span class=\"elementor-button-content-wrapper\">\n\t\t\t\t\t\t\t\t\t<span class=\"elementor-button-text\">Recevoir ma soumission<\/span>\n\t\t\t\t\t<\/span>\n\t\t\t\t\t<\/a>\n\t\t\t\t\t\t\t\t<\/div>\n\t\t\t\t<\/div>\n\t\t\t\t\t<\/div>\n\t\t\t\t<\/div>\n\t\t\t\t<\/div>\n\t\t","protected":false},"excerpt":{"rendered":"<p>Pr\u00eat pour Investissement Qu\u2019est-ce qu\u2019un pr\u00eat destin\u00e9 \u00e0 l\u2019investissement ? Un levier strat\u00e9gique pour acc\u00e9l\u00e9rer la croissance de vos placements. Le pr\u00eat pour investissement consiste \u00e0 emprunter des fonds afin d\u2019accro\u00eetre votre capacit\u00e9 d\u2019investissement. En utilisant l\u2019effet de levier, il permet de viser un rendement potentiel plus \u00e9lev\u00e9, tout en pr\u00e9servant vos liquidit\u00e9s pour d\u2019autres [&hellip;]<\/p>\n","protected":false},"author":3,"featured_media":0,"parent":0,"menu_order":0,"comment_status":"closed","ping_status":"closed","template":"","meta":{"footnotes":""},"class_list":["post-3116","page","type-page","status-publish","hentry"],"blocksy_meta":{"has_hero_section":"disabled","styles_descriptor":{"styles":{"desktop":"","tablet":"","mobile":""},"google_fonts":[],"version":6}},"aioseo_notices":[],"rttpg_featured_image_url":null,"rttpg_author":{"display_name":"Compareur Assurance vie","author_link":"https:\/\/assuranceviecanada.ca\/en\/author\/assuranceviecanada1gmail-com\/"},"rttpg_comment":0,"rttpg_category":null,"rttpg_excerpt":"Pr\u00eat pour Investissement Qu\u2019est-ce qu\u2019un pr\u00eat destin\u00e9 \u00e0 l\u2019investissement ? Un levier strat\u00e9gique pour acc\u00e9l\u00e9rer la croissance de vos placements. Le pr\u00eat pour investissement consiste \u00e0 emprunter des fonds afin d\u2019accro\u00eetre votre capacit\u00e9 d\u2019investissement. En utilisant l\u2019effet de levier, il permet de viser un rendement potentiel plus \u00e9lev\u00e9, tout en pr\u00e9servant vos liquidit\u00e9s pour d\u2019autres&hellip;","_links":{"self":[{"href":"https:\/\/assuranceviecanada.ca\/en\/wp-json\/wp\/v2\/pages\/3116","targetHints":{"allow":["GET"]}}],"collection":[{"href":"https:\/\/assuranceviecanada.ca\/en\/wp-json\/wp\/v2\/pages"}],"about":[{"href":"https:\/\/assuranceviecanada.ca\/en\/wp-json\/wp\/v2\/types\/page"}],"author":[{"embeddable":true,"href":"https:\/\/assuranceviecanada.ca\/en\/wp-json\/wp\/v2\/users\/3"}],"replies":[{"embeddable":true,"href":"https:\/\/assuranceviecanada.ca\/en\/wp-json\/wp\/v2\/comments?post=3116"}],"version-history":[{"count":25,"href":"https:\/\/assuranceviecanada.ca\/en\/wp-json\/wp\/v2\/pages\/3116\/revisions"}],"predecessor-version":[{"id":21682,"href":"https:\/\/assuranceviecanada.ca\/en\/wp-json\/wp\/v2\/pages\/3116\/revisions\/21682"}],"wp:attachment":[{"href":"https:\/\/assuranceviecanada.ca\/en\/wp-json\/wp\/v2\/media?parent=3116"}],"curies":[{"name":"wp","href":"https:\/\/api.w.org\/{rel}","templated":true}]}}